{"id":18,"date":"2023-05-13T21:53:39","date_gmt":"2023-05-13T18:53:39","guid":{"rendered":"https:\/\/genmet.emsaege.com\/?page_id=18"},"modified":"2024-09-18T13:38:19","modified_gmt":"2024-09-18T10:38:19","slug":"home","status":"publish","type":"page","link":"https:\/\/genmet.emsaege.com\/","title":{"rendered":"Anasayfa"},"content":{"rendered":"\n<div class=\"wp-block-group alignfull has-global-padding is-layout-constrained\">\n<div class=\"wp-block-group alignfull has-global-padding is-layout-constrained\" style=\"padding-top:var(--wp--preset--spacing--40);padding-right:var(--wp--preset--spacing--30);padding-bottom:var(--wp--preset--spacing--40);padding-left:var(--wp--preset--spacing--30)\">\n<div class=\"wp-block-columns is-layout-flex wp-container-3\">\n<div class=\"wp-block-column is-layout-flow\" style=\"flex-basis:100%\">\n<div class=\"wp-block-group is-vertical is-content-justification-center is-layout-flex wp-container-1\"><div class=\"is-default-size wp-block-site-logo\"><a href=\"https:\/\/genmet.emsaege.com\/\" class=\"custom-logo-link\" rel=\"home\"><img loading=\"lazy\" width=\"1000\" height=\"1000\" src=\"https:\/\/genmet.emsaege.com\/wp-content\/uploads\/2023\/05\/683E859C-4F2E-40F5-BF1F-BCCD73BB79D6.png\" class=\"custom-logo\" alt=\"GENMET by EMSA EGE\" decoding=\"async\" srcset=\"https:\/\/genmet.emsaege.com\/wp-content\/uploads\/2023\/05\/683E859C-4F2E-40F5-BF1F-BCCD73BB79D6.png 1000w, https:\/\/genmet.emsaege.com\/wp-content\/uploads\/2023\/05\/683E859C-4F2E-40F5-BF1F-BCCD73BB79D6-300x300.png 300w, https:\/\/genmet.emsaege.com\/wp-content\/uploads\/2023\/05\/683E859C-4F2E-40F5-BF1F-BCCD73BB79D6-150x150.png 150w, https:\/\/genmet.emsaege.com\/wp-content\/uploads\/2023\/05\/683E859C-4F2E-40F5-BF1F-BCCD73BB79D6-768x768.png 768w\" sizes=\"(max-width: 1000px) 100vw, 1000px\" \/><\/a><\/div>\n\n<h2 class=\"has-text-align-center has-link-color has-text-color has-contrast-color wp-block-site-title has-large-font-size wp-elements-1fb58b33ba287d06ea699df9f7eef27c\"><a href=\"https:\/\/genmet.emsaege.com\" target=\"_self\" rel=\"home\">GENMET by EMSA EGE<\/a><\/h2><\/div>\n<\/div>\n<\/div>\n<\/div>\n<\/div>\n\n\n\n<div style=\"height:69px\" aria-hidden=\"true\" class=\"wp-block-spacer\"><\/div>\n\n\n\n<h3 class=\"wp-block-heading has-text-align-center\">EK\u0130PLER\u0130M\u0130Z<\/h3>\n\n\n\n<div class=\"wp-block-columns is-layout-flex wp-container-16\">\n<div class=\"wp-block-column is-layout-flow\">\n<div class=\"wp-block-group has-global-padding is-layout-constrained\">\n<div class=\"wp-block-columns is-layout-flex wp-container-8\">\n<div class=\"wp-block-column is-layout-flow\">\n<figure class=\"wp-block-image size-large\"><img decoding=\"async\" loading=\"lazy\" width=\"1024\" height=\"1024\" src=\"https:\/\/genmet.emsaege.com\/wp-content\/uploads\/2023\/05\/41F0B745-B483-489D-9EBA-43E17B13E774-1024x1024.png\" alt=\"\" class=\"wp-image-41\" srcset=\"https:\/\/genmet.emsaege.com\/wp-content\/uploads\/2023\/05\/41F0B745-B483-489D-9EBA-43E17B13E774-1024x1024.png 1024w, https:\/\/genmet.emsaege.com\/wp-content\/uploads\/2023\/05\/41F0B745-B483-489D-9EBA-43E17B13E774-300x300.png 300w, https:\/\/genmet.emsaege.com\/wp-content\/uploads\/2023\/05\/41F0B745-B483-489D-9EBA-43E17B13E774-150x150.png 150w, https:\/\/genmet.emsaege.com\/wp-content\/uploads\/2023\/05\/41F0B745-B483-489D-9EBA-43E17B13E774-768x768.png 768w, https:\/\/genmet.emsaege.com\/wp-content\/uploads\/2023\/05\/41F0B745-B483-489D-9EBA-43E17B13E774.png 1200w\" sizes=\"(max-width: 1024px) 100vw, 1024px\" \/><\/figure>\n\n\n\n<h6 class=\"wp-block-heading has-text-align-center\"><strong>Genetik<\/strong><\/h6>\n<\/div>\n\n\n\n<div class=\"wp-block-column is-layout-flow\">\n<figure class=\"wp-block-image size-large\"><img decoding=\"async\" loading=\"lazy\" width=\"1024\" height=\"1024\" src=\"https:\/\/genmet.emsaege.com\/wp-content\/uploads\/2023\/05\/C4309993-0190-454D-9A82-C2345A7C9274-1024x1024.png\" alt=\"\" class=\"wp-image-42\" srcset=\"https:\/\/genmet.emsaege.com\/wp-content\/uploads\/2023\/05\/C4309993-0190-454D-9A82-C2345A7C9274-1024x1024.png 1024w, https:\/\/genmet.emsaege.com\/wp-content\/uploads\/2023\/05\/C4309993-0190-454D-9A82-C2345A7C9274-300x300.png 300w, https:\/\/genmet.emsaege.com\/wp-content\/uploads\/2023\/05\/C4309993-0190-454D-9A82-C2345A7C9274-150x150.png 150w, https:\/\/genmet.emsaege.com\/wp-content\/uploads\/2023\/05\/C4309993-0190-454D-9A82-C2345A7C9274-768x768.png 768w, https:\/\/genmet.emsaege.com\/wp-content\/uploads\/2023\/05\/C4309993-0190-454D-9A82-C2345A7C9274.png 1200w\" sizes=\"(max-width: 1024px) 100vw, 1024px\" \/><\/figure>\n\n\n\n<h6 class=\"wp-block-heading has-text-align-center\"><strong>N\u00f6robilim<\/strong><\/h6>\n<\/div>\n<\/div>\n<\/div>\n<\/div>\n\n\n\n<div class=\"wp-block-column is-layout-flow\">\n<div class=\"wp-block-group has-global-padding is-layout-constrained\">\n<div class=\"wp-block-columns is-layout-flex wp-container-13\">\n<div class=\"wp-block-column is-layout-flow\">\n<figure class=\"wp-block-image size-large\"><img decoding=\"async\" loading=\"lazy\" width=\"1024\" height=\"1024\" src=\"https:\/\/genmet.emsaege.com\/wp-content\/uploads\/2023\/05\/ABBE9011-82FD-42CA-9858-A51413865A3F-1024x1024.png\" alt=\"\" class=\"wp-image-43\" srcset=\"https:\/\/genmet.emsaege.com\/wp-content\/uploads\/2023\/05\/ABBE9011-82FD-42CA-9858-A51413865A3F-1024x1024.png 1024w, https:\/\/genmet.emsaege.com\/wp-content\/uploads\/2023\/05\/ABBE9011-82FD-42CA-9858-A51413865A3F-300x300.png 300w, https:\/\/genmet.emsaege.com\/wp-content\/uploads\/2023\/05\/ABBE9011-82FD-42CA-9858-A51413865A3F-150x150.png 150w, https:\/\/genmet.emsaege.com\/wp-content\/uploads\/2023\/05\/ABBE9011-82FD-42CA-9858-A51413865A3F-768x768.png 768w, https:\/\/genmet.emsaege.com\/wp-content\/uploads\/2023\/05\/ABBE9011-82FD-42CA-9858-A51413865A3F.png 1200w\" sizes=\"(max-width: 1024px) 100vw, 1024px\" \/><\/figure>\n\n\n\n<h6 class=\"wp-block-heading has-text-align-center\"><strong>Psikoloji<\/strong><\/h6>\n<\/div>\n\n\n\n<div class=\"wp-block-column is-layout-flow\">\n<figure class=\"wp-block-image size-large\"><img decoding=\"async\" loading=\"lazy\" width=\"1024\" height=\"1024\" src=\"https:\/\/genmet.emsaege.com\/wp-content\/uploads\/2023\/05\/276F0910-EFBA-49DD-9D62-E2D982F6F154-1024x1024.png\" alt=\"\" class=\"wp-image-44\" srcset=\"https:\/\/genmet.emsaege.com\/wp-content\/uploads\/2023\/05\/276F0910-EFBA-49DD-9D62-E2D982F6F154-1024x1024.png 1024w, https:\/\/genmet.emsaege.com\/wp-content\/uploads\/2023\/05\/276F0910-EFBA-49DD-9D62-E2D982F6F154-300x300.png 300w, https:\/\/genmet.emsaege.com\/wp-content\/uploads\/2023\/05\/276F0910-EFBA-49DD-9D62-E2D982F6F154-150x150.png 150w, https:\/\/genmet.emsaege.com\/wp-content\/uploads\/2023\/05\/276F0910-EFBA-49DD-9D62-E2D982F6F154-768x768.png 768w, https:\/\/genmet.emsaege.com\/wp-content\/uploads\/2023\/05\/276F0910-EFBA-49DD-9D62-E2D982F6F154.png 1200w\" sizes=\"(max-width: 1024px) 100vw, 1024px\" \/><\/figure>\n\n\n\n<h6 class=\"wp-block-heading has-text-align-center\"><strong>Yapay Zeka<\/strong><\/h6>\n<\/div>\n<\/div>\n<\/div>\n<\/div>\n<\/div>\n\n\n\n<div style=\"height:88px\" aria-hidden=\"true\" class=\"wp-block-spacer\"><\/div>\n\n\n\n<p class=\"has-text-align-center\"><em>A\u015fa\u011f\u0131dan etkinliklerimize ula\u015fabilir, podcastimizi dinleyebilir ve dergimiz \u201cNexus\u201du okuyabilirsin.<\/em><\/p>\n\n\n\n<div class=\"wp-block-columns alignfull has-text-color has-background is-layout-flex wp-container-20\" style=\"color:#000000;background-color:#ffffff\">\n<div class=\"wp-block-column is-layout-flow\">\n<h3 class=\"wp-block-heading has-text-align-center\" style=\"font-size:clamp(18px, 1.125rem + ((1vw - 7.68px) * 0.721), 24px);line-height:1.3\"><strong><a href=\"https:\/\/spotify.link\/h6veg4GPRDb\" target=\"_blank\" rel=\"noreferrer noopener\">GENMET ON AIR \u2197<\/a><\/strong><\/h3>\n\n\n\n<figure class=\"wp-block-image aligncenter size-full is-resized\"><img decoding=\"async\" loading=\"lazy\" src=\"https:\/\/genmet.emsaege.com\/wp-content\/uploads\/2023\/05\/834A4D38-A90A-405C-9C39-5F250B267B37.png\" alt=\"\" class=\"wp-image-79\" width=\"160\" height=\"160\" srcset=\"https:\/\/genmet.emsaege.com\/wp-content\/uploads\/2023\/05\/834A4D38-A90A-405C-9C39-5F250B267B37.png 1000w, https:\/\/genmet.emsaege.com\/wp-content\/uploads\/2023\/05\/834A4D38-A90A-405C-9C39-5F250B267B37-300x300.png 300w, https:\/\/genmet.emsaege.com\/wp-content\/uploads\/2023\/05\/834A4D38-A90A-405C-9C39-5F250B267B37-150x150.png 150w, https:\/\/genmet.emsaege.com\/wp-content\/uploads\/2023\/05\/834A4D38-A90A-405C-9C39-5F250B267B37-768x768.png 768w\" sizes=\"(max-width: 160px) 100vw, 160px\" \/><\/figure>\n\n\n\n<div style=\"height:13px\" aria-hidden=\"true\" class=\"wp-block-spacer\"><\/div>\n<\/div>\n\n\n\n<div class=\"wp-block-column is-layout-flow\">\n<h3 class=\"wp-block-heading has-text-align-center\" style=\"font-size:clamp(18px, 1.125rem + ((1vw - 7.68px) * 0.721), 24px);line-height:1.3\"><a rel=\"noreferrer noopener\" href=\"https:\/\/genmet.emsaege.com\/index.php\/1-genmet-calistayi\/\" target=\"_blank\"><strong>ETK\u0130NL\u0130KLER \u2197<\/strong><\/a><\/h3>\n\n\n\n<figure class=\"wp-block-image aligncenter size-full is-resized\"><img decoding=\"async\" loading=\"lazy\" src=\"https:\/\/genmet.emsaege.com\/wp-content\/uploads\/2023\/05\/7C26DD35-2D8D-443D-9646-655358E4D929.png\" alt=\"\" class=\"wp-image-73\" width=\"124\" height=\"124\" srcset=\"https:\/\/genmet.emsaege.com\/wp-content\/uploads\/2023\/05\/7C26DD35-2D8D-443D-9646-655358E4D929.png 1000w, https:\/\/genmet.emsaege.com\/wp-content\/uploads\/2023\/05\/7C26DD35-2D8D-443D-9646-655358E4D929-300x300.png 300w, https:\/\/genmet.emsaege.com\/wp-content\/uploads\/2023\/05\/7C26DD35-2D8D-443D-9646-655358E4D929-150x150.png 150w, https:\/\/genmet.emsaege.com\/wp-content\/uploads\/2023\/05\/7C26DD35-2D8D-443D-9646-655358E4D929-768x768.png 768w\" sizes=\"(max-width: 124px) 100vw, 124px\" \/><\/figure>\n\n\n\n<div style=\"height:0px\" aria-hidden=\"true\" class=\"wp-block-spacer\"><\/div>\n<\/div>\n\n\n\n<div class=\"wp-block-column is-layout-flow\">\n<h3 class=\"wp-block-heading has-text-align-center\" style=\"font-size:clamp(18px, 1.125rem + ((1vw - 7.68px) * 0.721), 24px);line-height:1.3\"><strong><a href=\"https:\/\/genmet.emsaege.com\/index.php\/2024\/09\/17\/nexus-e-bulteni-sayilar\/\" data-type=\"URL\" data-id=\"https:\/\/genmet.emsaege.com\/index.php\/2024\/09\/17\/nexus-e-bulteni-sayilar\/\">NEXUS\u2197<\/a><\/strong><\/h3>\n\n\n\n<figure class=\"wp-block-image aligncenter size-full is-resized\"><img decoding=\"async\" loading=\"lazy\" src=\"https:\/\/genmet.emsaege.com\/wp-content\/uploads\/2023\/05\/341E0570-FB03-496A-91E9-96D543437206.png\" alt=\"\" class=\"wp-image-74\" width=\"146\" height=\"146\" srcset=\"https:\/\/genmet.emsaege.com\/wp-content\/uploads\/2023\/05\/341E0570-FB03-496A-91E9-96D543437206.png 1000w, https:\/\/genmet.emsaege.com\/wp-content\/uploads\/2023\/05\/341E0570-FB03-496A-91E9-96D543437206-300x300.png 300w, https:\/\/genmet.emsaege.com\/wp-content\/uploads\/2023\/05\/341E0570-FB03-496A-91E9-96D543437206-150x150.png 150w, https:\/\/genmet.emsaege.com\/wp-content\/uploads\/2023\/05\/341E0570-FB03-496A-91E9-96D543437206-768x768.png 768w\" sizes=\"(max-width: 146px) 100vw, 146px\" \/><\/figure>\n\n\n\n<div style=\"height:0px\" aria-hidden=\"true\" class=\"wp-block-spacer\"><\/div>\n<\/div>\n<\/div>\n\n\n\n<div style=\"height:55px\" aria-hidden=\"true\" class=\"wp-block-spacer\"><\/div>\n\n\n\n<h2 class=\"wp-block-heading\">Bize nas\u0131l ula\u015fabilirsin?<\/h2>\n\n\n\n<p>Bize Instagram hesab\u0131m\u0131zdan mesaj atarak veya elektronik posta adresimizden mail atarak ula\u015fabilirsin. Instagram mesajlar\u0131na daha \u00e7abuk d\u00f6n\u00fc\u015f yap\u0131labilece\u011fi i\u00e7in bize ula\u015f\u0131rken bunu g\u00f6z \u00f6n\u00fcnde bulundurmal\u0131s\u0131n.<\/p>\n\n\n\n<div style=\"height:12px\" aria-hidden=\"true\" class=\"wp-block-spacer\"><\/div>\n\n\n\n<div class=\"wp-block-group alignfull is-content-justification-space-between is-layout-flex wp-container-27\" style=\"margin-top:0;margin-bottom:0;padding-top:var(--wp--preset--spacing--50);padding-right:var(--wp--preset--spacing--30);padding-bottom:var(--wp--preset--spacing--50);padding-left:var(--wp--preset--spacing--30)\">\n<div class=\"wp-block-group wp-container-content-21 is-vertical is-layout-flex wp-container-22\"><h1 class=\"wp-block-site-title has-medium-font-size\"><a href=\"https:\/\/genmet.emsaege.com\" target=\"_self\" rel=\"home\">GENMET by EMSA EGE<\/a><\/h1>\n\n\n<div style=\"height:24px\" aria-hidden=\"true\" class=\"wp-block-spacer\"><\/div>\n<\/div>\n\n\n\n<div class=\"wp-block-group is-content-justification-right is-layout-flex wp-container-26\">\n<div class=\"wp-block-group is-vertical is-layout-flex wp-container-23\">\n<div style=\"height:0px\" aria-hidden=\"true\" class=\"wp-block-spacer\"><\/div>\n<\/div>\n\n\n\n<div class=\"wp-block-group is-vertical is-layout-flex wp-container-25\">\n<div class=\"wp-block-group is-vertical is-content-justification-left is-layout-flex wp-container-24\">\n<p><a href=\"https:\/\/youtube.com\/@GENMETEge?si=WVPxCv48l9IjqAVH\" target=\"_blank\" rel=\"noreferrer noopener\">Youtube<\/a><\/p>\n\n\n\n<p><a rel=\"noreferrer noopener\" href=\"https:\/\/spotify.link\/DQed91RPRDb\" target=\"_blank\">Spotify<\/a><\/p>\n\n\n\n<p><a rel=\"noreferrer noopener\" href=\"https:\/\/www.instagram.com\/egegenmet\/\" target=\"_blank\">Instagram<\/a><\/p>\n<\/div>\n\n\n\n<div style=\"height:24px\" aria-hidden=\"true\" class=\"wp-block-spacer\"><\/div>\n<\/div>\n<\/div>\n\n\n\n<div style=\"height:0px\" aria-hidden=\"true\" class=\"wp-block-spacer\"><\/div>\n<\/div>\n","protected":false},"excerpt":{"rendered":"<p>EK\u0130PLER\u0130M\u0130Z Genetik N\u00f6robilim Psikoloji Yapay Zeka A\u015fa\u011f\u0131dan etkinliklerimize ula\u015fabilir, podcastimizi dinleyebilir ve dergimiz \u201cNexus\u201du okuyabilirsin. GENMET ON AIR \u2197 ETK\u0130NL\u0130KLER \u2197 NEXUS\u2197 Bize nas\u0131l ula\u015fabilirsin? Bize Instagram hesab\u0131m\u0131zdan mesaj atarak veya elektronik posta adresimizden mail atarak ula\u015fabilirsin. Instagram mesajlar\u0131na daha \u00e7abuk d\u00f6n\u00fc\u015f yap\u0131labilece\u011fi i\u00e7in bize ula\u015f\u0131rken bunu g\u00f6z \u00f6n\u00fcnde bulundurmal\u0131s\u0131n. Youtube Spotify Instagram<\/p>\n","protected":false},"author":1,"featured_media":61,"parent":0,"menu_order":0,"comment_status":"closed","ping_status":"closed","template":"","meta":[],"_links":{"self":[{"href":"https:\/\/genmet.emsaege.com\/index.php\/wp-json\/wp\/v2\/pages\/18"}],"collection":[{"href":"https:\/\/genmet.emsaege.com\/index.php\/wp-json\/wp\/v2\/pages"}],"about":[{"href":"https:\/\/genmet.emsaege.com\/index.php\/wp-json\/wp\/v2\/types\/page"}],"author":[{"embeddable":true,"href":"https:\/\/genmet.emsaege.com\/index.php\/wp-json\/wp\/v2\/users\/1"}],"replies":[{"embeddable":true,"href":"https:\/\/genmet.emsaege.com\/index.php\/wp-json\/wp\/v2\/comments?post=18"}],"version-history":[{"count":49,"href":"https:\/\/genmet.emsaege.com\/index.php\/wp-json\/wp\/v2\/pages\/18\/revisions"}],"predecessor-version":[{"id":192,"href":"https:\/\/genmet.emsaege.com\/index.php\/wp-json\/wp\/v2\/pages\/18\/revisions\/192"}],"wp:featuredmedia":[{"embeddable":true,"href":"https:\/\/genmet.emsaege.com\/index.php\/wp-json\/wp\/v2\/media\/61"}],"wp:attachment":[{"href":"https:\/\/genmet.emsaege.com\/index.php\/wp-json\/wp\/v2\/media?parent=18"}],"curies":[{"name":"wp","href":"https:\/\/api.w.org\/{rel}","templated":true}]}}