{"id":167,"date":"2024-06-29T01:07:47","date_gmt":"2024-06-28T22:07:47","guid":{"rendered":"https:\/\/genmet.emsaege.com\/?page_id=167"},"modified":"2024-06-29T01:17:40","modified_gmt":"2024-06-28T22:17:40","slug":"167-2","status":"publish","type":"page","link":"https:\/\/genmet.emsaege.com\/index.php\/167-2\/","title":{"rendered":""},"content":{"rendered":"\n<h2 class=\"wp-block-heading\">NEXUS E-B\u00fclten Say\u0131: 2<\/h2>\n\n\n\n<p>Edit\u00f6r:<br>Abdurrahman \u00dcCRAK<br>Sena YAVUZ<br>\u00dcffet Umay NURSAL<\/p>\n\n\n\n<p>Tasar\u0131m Ekibi:<br>Eftelya Rana TOPAN<br>Eray G\u00d6K\u00c7E<br>Abdurrahman \u00dcCRAK<br>Fulya AYAZ<br>Zeynep Do\u011fa \u00c7\u0130FT\u00c7\u0130<\/p>\n\n\n\n<p>Kapak Tasar\u0131m:<br>Yi\u011fit SULUOVA<\/p>\n\n\n\n<div class=\"wp-block-buttons is-layout-flex\">\n<div class=\"wp-block-button\"><a class=\"wp-block-button__link wp-element-button\" href=\"https:\/\/heyzine.com\/flip-book\/21224b74b1.html\" target=\"_blank\" rel=\"noreferrer noopener\">BURADAN OKU<\/a><\/div>\n<\/div>\n","protected":false},"excerpt":{"rendered":"<p>NEXUS E-B\u00fclten Say\u0131: 2 Edit\u00f6r:Abdurrahman \u00dcCRAKSena YAVUZ\u00dcffet Umay NURSAL Tasar\u0131m Ekibi:Eftelya Rana TOPANEray G\u00d6K\u00c7EAbdurrahman \u00dcCRAKFulya AYAZZeynep Do\u011fa \u00c7\u0130FT\u00c7\u0130 Kapak Tasar\u0131m:Yi\u011fit SULUOVA<\/p>\n","protected":false},"author":1,"featured_media":0,"parent":0,"menu_order":0,"comment_status":"closed","ping_status":"closed","template":"","meta":[],"_links":{"self":[{"href":"https:\/\/genmet.emsaege.com\/index.php\/wp-json\/wp\/v2\/pages\/167"}],"collection":[{"href":"https:\/\/genmet.emsaege.com\/index.php\/wp-json\/wp\/v2\/pages"}],"about":[{"href":"https:\/\/genmet.emsaege.com\/index.php\/wp-json\/wp\/v2\/types\/page"}],"author":[{"embeddable":true,"href":"https:\/\/genmet.emsaege.com\/index.php\/wp-json\/wp\/v2\/users\/1"}],"replies":[{"embeddable":true,"href":"https:\/\/genmet.emsaege.com\/index.php\/wp-json\/wp\/v2\/comments?post=167"}],"version-history":[{"count":5,"href":"https:\/\/genmet.emsaege.com\/index.php\/wp-json\/wp\/v2\/pages\/167\/revisions"}],"predecessor-version":[{"id":177,"href":"https:\/\/genmet.emsaege.com\/index.php\/wp-json\/wp\/v2\/pages\/167\/revisions\/177"}],"wp:attachment":[{"href":"https:\/\/genmet.emsaege.com\/index.php\/wp-json\/wp\/v2\/media?parent=167"}],"curies":[{"name":"wp","href":"https:\/\/api.w.org\/{rel}","templated":true}]}}