{"id":153,"date":"2023-10-13T19:21:23","date_gmt":"2023-10-13T16:21:23","guid":{"rendered":"https:\/\/genmet.emsaege.com\/?page_id=153"},"modified":"2024-01-30T14:11:49","modified_gmt":"2024-01-30T11:11:49","slug":"nexus-e-bulten-sayi-1","status":"publish","type":"page","link":"https:\/\/genmet.emsaege.com\/index.php\/nexus-e-bulten-sayi-1\/","title":{"rendered":""},"content":{"rendered":"\n<h2 class=\"wp-block-heading\">NEXUS E-B\u00fclten Say\u0131: 1<\/h2>\n\n\n\n<p>Edit\u00f6r:<br>Abdurrahman \u00dcCRAK<br><br>\u0130mla Denetim:<br>H\u00fcseyin \u00d6ZG\u00dcLERLER<br><br>Kapak Tasar\u0131m:<br>Yi\u011fit SULUOVA<br><br>Tasar\u0131m Ekibi:<br>Eray G\u00d6K\u00c7E<br>Eftelya Rana TOPAN<br>Abdurrahman \u00dcCRAK<br>Sude \u00d6ZT\u00dcRK<br>Fulya AYAZ<\/p>\n\n\n\n<div class=\"wp-block-buttons is-layout-flex\">\n<div class=\"wp-block-button\"><a class=\"wp-block-button__link wp-element-button\" href=\"https:\/\/heyzine.com\/flip-book\/70c61d9524.html\">BURADAN OKU<\/a><\/div>\n<\/div>\n","protected":false},"excerpt":{"rendered":"<p>NEXUS E-B\u00fclten Say\u0131: 1 Edit\u00f6r:Abdurrahman \u00dcCRAK \u0130mla Denetim:H\u00fcseyin \u00d6ZG\u00dcLERLER Kapak Tasar\u0131m:Yi\u011fit SULUOVA Tasar\u0131m Ekibi:Eray G\u00d6K\u00c7EEftelya Rana TOPANAbdurrahman \u00dcCRAKSude \u00d6ZT\u00dcRKFulya AYAZ<\/p>\n","protected":false},"author":1,"featured_media":0,"parent":0,"menu_order":0,"comment_status":"closed","ping_status":"closed","template":"","meta":[],"_links":{"self":[{"href":"https:\/\/genmet.emsaege.com\/index.php\/wp-json\/wp\/v2\/pages\/153"}],"collection":[{"href":"https:\/\/genmet.emsaege.com\/index.php\/wp-json\/wp\/v2\/pages"}],"about":[{"href":"https:\/\/genmet.emsaege.com\/index.php\/wp-json\/wp\/v2\/types\/page"}],"author":[{"embeddable":true,"href":"https:\/\/genmet.emsaege.com\/index.php\/wp-json\/wp\/v2\/users\/1"}],"replies":[{"embeddable":true,"href":"https:\/\/genmet.emsaege.com\/index.php\/wp-json\/wp\/v2\/comments?post=153"}],"version-history":[{"count":8,"href":"https:\/\/genmet.emsaege.com\/index.php\/wp-json\/wp\/v2\/pages\/153\/revisions"}],"predecessor-version":[{"id":165,"href":"https:\/\/genmet.emsaege.com\/index.php\/wp-json\/wp\/v2\/pages\/153\/revisions\/165"}],"wp:attachment":[{"href":"https:\/\/genmet.emsaege.com\/index.php\/wp-json\/wp\/v2\/media?parent=153"}],"curies":[{"name":"wp","href":"https:\/\/api.w.org\/{rel}","templated":true}]}}