{"id":144,"date":"2023-10-13T19:31:52","date_gmt":"2023-10-13T16:31:52","guid":{"rendered":"https:\/\/genmet.emsaege.com\/?page_id=144"},"modified":"2023-10-13T19:36:15","modified_gmt":"2023-10-13T16:36:15","slug":"1-genmet-calistayi","status":"publish","type":"page","link":"https:\/\/genmet.emsaege.com\/index.php\/1-genmet-calistayi\/","title":{"rendered":"1. GENMET \u00c7ALI\u015eTAYI"},"content":{"rendered":"\n<h2 class=\"wp-block-heading\"><strong>1. GENMET \u00c7ALI\u015eTAYI<\/strong><\/h2>\n\n\n\n<div style=\"height:28px\" aria-hidden=\"true\" class=\"wp-block-spacer\"><\/div>\n\n\n\n<figure class=\"wp-block-image size-large\"><img decoding=\"async\" loading=\"lazy\" width=\"1024\" height=\"683\" src=\"https:\/\/genmet.emsaege.com\/wp-content\/uploads\/2023\/05\/16EB34E7-B75B-4404-80D2-490B738A2586-1024x683.jpeg\" alt=\"\" class=\"wp-image-72\" srcset=\"https:\/\/genmet.emsaege.com\/wp-content\/uploads\/2023\/05\/16EB34E7-B75B-4404-80D2-490B738A2586-1024x683.jpeg 1024w, https:\/\/genmet.emsaege.com\/wp-content\/uploads\/2023\/05\/16EB34E7-B75B-4404-80D2-490B738A2586-300x200.jpeg 300w, https:\/\/genmet.emsaege.com\/wp-content\/uploads\/2023\/05\/16EB34E7-B75B-4404-80D2-490B738A2586-768x512.jpeg 768w, https:\/\/genmet.emsaege.com\/wp-content\/uploads\/2023\/05\/16EB34E7-B75B-4404-80D2-490B738A2586-1536x1024.jpeg 1536w, https:\/\/genmet.emsaege.com\/wp-content\/uploads\/2023\/05\/16EB34E7-B75B-4404-80D2-490B738A2586-2048x1365.jpeg 2048w\" sizes=\"(max-width: 1024px) 100vw, 1024px\" \/><\/figure>\n\n\n\n<p>Konu\u015fmac\u0131lar\u0131m\u0131z, kat\u0131l\u0131mc\u0131lar\u0131m\u0131z ve \u00e7al\u0131\u015ftay ekibimiz.<\/p>\n\n\n\n<div style=\"height:42px\" aria-hidden=\"true\" class=\"wp-block-spacer\"><\/div>\n\n\n\n<figure class=\"wp-block-image size-large\"><img decoding=\"async\" loading=\"lazy\" width=\"1024\" height=\"681\" src=\"https:\/\/genmet.emsaege.com\/wp-content\/uploads\/2023\/10\/IMG_1875-1024x681.jpeg\" alt=\"\" class=\"wp-image-146\" srcset=\"https:\/\/genmet.emsaege.com\/wp-content\/uploads\/2023\/10\/IMG_1875-1024x681.jpeg 1024w, https:\/\/genmet.emsaege.com\/wp-content\/uploads\/2023\/10\/IMG_1875-300x199.jpeg 300w, https:\/\/genmet.emsaege.com\/wp-content\/uploads\/2023\/10\/IMG_1875-768x511.jpeg 768w, https:\/\/genmet.emsaege.com\/wp-content\/uploads\/2023\/10\/IMG_1875-1536x1021.jpeg 1536w, https:\/\/genmet.emsaege.com\/wp-content\/uploads\/2023\/10\/IMG_1875-2048x1362.jpeg 2048w\" sizes=\"(max-width: 1024px) 100vw, 1024px\" \/><\/figure>\n\n\n\n<p>Prof. Dr. \u015eebnem P\u0131r\u0131ldar\u2019dan \u201cStresin Etkileri\u201d oturumu.<\/p>\n\n\n\n<div style=\"height:34px\" aria-hidden=\"true\" class=\"wp-block-spacer\"><\/div>\n\n\n\n<figure class=\"wp-block-image size-large\"><img decoding=\"async\" loading=\"lazy\" width=\"1024\" height=\"681\" src=\"https:\/\/genmet.emsaege.com\/wp-content\/uploads\/2023\/10\/IMG_1877-1024x681.jpeg\" alt=\"\" class=\"wp-image-147\" srcset=\"https:\/\/genmet.emsaege.com\/wp-content\/uploads\/2023\/10\/IMG_1877-1024x681.jpeg 1024w, https:\/\/genmet.emsaege.com\/wp-content\/uploads\/2023\/10\/IMG_1877-300x199.jpeg 300w, https:\/\/genmet.emsaege.com\/wp-content\/uploads\/2023\/10\/IMG_1877-768x511.jpeg 768w, https:\/\/genmet.emsaege.com\/wp-content\/uploads\/2023\/10\/IMG_1877-1536x1021.jpeg 1536w, https:\/\/genmet.emsaege.com\/wp-content\/uploads\/2023\/10\/IMG_1877-2048x1362.jpeg 2048w\" sizes=\"(max-width: 1024px) 100vw, 1024px\" \/><\/figure>\n\n\n\n<p>Prof. Dr. Ersin O\u011fuz Koylu\u2019dan \u201cStresin Psikofizyolojisi\u201d oturumu.<\/p>\n\n\n\n<div style=\"height:36px\" aria-hidden=\"true\" class=\"wp-block-spacer\"><\/div>\n\n\n\n<figure class=\"wp-block-image size-large\"><img decoding=\"async\" loading=\"lazy\" width=\"1024\" height=\"681\" src=\"https:\/\/genmet.emsaege.com\/wp-content\/uploads\/2023\/10\/IMG_1874-1024x681.jpeg\" alt=\"\" class=\"wp-image-148\" srcset=\"https:\/\/genmet.emsaege.com\/wp-content\/uploads\/2023\/10\/IMG_1874-1024x681.jpeg 1024w, https:\/\/genmet.emsaege.com\/wp-content\/uploads\/2023\/10\/IMG_1874-300x199.jpeg 300w, https:\/\/genmet.emsaege.com\/wp-content\/uploads\/2023\/10\/IMG_1874-768x511.jpeg 768w, https:\/\/genmet.emsaege.com\/wp-content\/uploads\/2023\/10\/IMG_1874-1536x1021.jpeg 1536w, https:\/\/genmet.emsaege.com\/wp-content\/uploads\/2023\/10\/IMG_1874-2048x1362.jpeg 2048w\" sizes=\"(max-width: 1024px) 100vw, 1024px\" \/><\/figure>\n\n\n\n<p>Prof. Dr. Ay\u015feg\u00fcl \u00dcnver\u2019den \u201cMeditasyon &amp; Mindfulness\u201d workshopu.<\/p>\n","protected":false},"excerpt":{"rendered":"<p>1. GENMET \u00c7ALI\u015eTAYI Konu\u015fmac\u0131lar\u0131m\u0131z, kat\u0131l\u0131mc\u0131lar\u0131m\u0131z ve \u00e7al\u0131\u015ftay ekibimiz. Prof. Dr. \u015eebnem P\u0131r\u0131ldar\u2019dan \u201cStresin Etkileri\u201d oturumu. Prof. Dr. Ersin O\u011fuz Koylu\u2019dan \u201cStresin Psikofizyolojisi\u201d oturumu. Prof. Dr. Ay\u015feg\u00fcl \u00dcnver\u2019den \u201cMeditasyon &amp; Mindfulness\u201d workshopu.<\/p>\n","protected":false},"author":1,"featured_media":0,"parent":0,"menu_order":0,"comment_status":"closed","ping_status":"closed","template":"","meta":[],"_links":{"self":[{"href":"https:\/\/genmet.emsaege.com\/index.php\/wp-json\/wp\/v2\/pages\/144"}],"collection":[{"href":"https:\/\/genmet.emsaege.com\/index.php\/wp-json\/wp\/v2\/pages"}],"about":[{"href":"https:\/\/genmet.emsaege.com\/index.php\/wp-json\/wp\/v2\/types\/page"}],"author":[{"embeddable":true,"href":"https:\/\/genmet.emsaege.com\/index.php\/wp-json\/wp\/v2\/users\/1"}],"replies":[{"embeddable":true,"href":"https:\/\/genmet.emsaege.com\/index.php\/wp-json\/wp\/v2\/comments?post=144"}],"version-history":[{"count":4,"href":"https:\/\/genmet.emsaege.com\/index.php\/wp-json\/wp\/v2\/pages\/144\/revisions"}],"predecessor-version":[{"id":152,"href":"https:\/\/genmet.emsaege.com\/index.php\/wp-json\/wp\/v2\/pages\/144\/revisions\/152"}],"wp:attachment":[{"href":"https:\/\/genmet.emsaege.com\/index.php\/wp-json\/wp\/v2\/media?parent=144"}],"curies":[{"name":"wp","href":"https:\/\/api.w.org\/{rel}","templated":true}]}}